{"id":15,"date":"2018-08-09T15:09:41","date_gmt":"2018-08-09T13:09:41","guid":{"rendered":"https:\/\/f3centre.se\/?page_id=15"},"modified":"2021-12-11T21:58:45","modified_gmt":"2021-12-11T20:58:45","slug":"samverkansprogram","status":"publish","type":"page","link":"https:\/\/f3centre.se\/sv\/samverkansprogram\/","title":{"rendered":"F\u00f6rnybara drivmedel och system"},"content":{"rendered":"<h2>F\u00f6rnybara drivmedel och system, 2018-2021<\/h2>\n<p>Sverige har m\u00e5let att n\u00e5 en 70-procentig reduktion av transportsektorns koldioxidutsl\u00e4pp till \u00e5r 2030 j\u00e4mf\u00f6rt med \u00e5r 2010. P\u00e5 l\u00e4ngre sikt efterstr\u00e4vas en helt fossilfri transportsektor. Med klimatfr\u00e5gan, milj\u00f6engagemang och stigande oljepriser som drivkraft har intresset \u00f6kat f\u00f6r f\u00f6rnybara alternativ till fossila br\u00e4nslen.<\/p>\n<p>Idag finns ett stort antal f\u00f6rnybara drivmedel och produktionsmetoder i olika utvecklingsfaser. De varierande f\u00f6ruts\u00e4ttningarna medf\u00f6r olika prestanda f\u00f6r olika drivmedel n\u00e4r det g\u00e4ller till exempel energieffektivitet, v\u00e4xthusgasutsl\u00e4pp och kostnader. Vidare bidrar styrmedelsutvecklingen, diskussionen kring h\u00e5llbarhetskriterier, nyttan ur milj\u00f6synpunkt och en debatt som ifr\u00e5gas\u00e4tter vissa alternativ till os\u00e4kerhet och risker f\u00f6r s\u00e5v\u00e4l myndigheter, politiska instanser och industri.<\/p>\n<h2>\u00d6kad systemf\u00f6rst\u00e5else byggd p\u00e5 vetenskap<\/h2>\n<p>Syftet med samverkansprogrammet F\u00f6rnybara drivmedel och system \u00e4r analyser som kan st\u00f6dja vetenskapligt underbyggda beslut och \u00f6ka systemf\u00f6rst\u00e5elsen hos politiker, myndigheter, industri och andra organisationer om hur utvecklingen och anv\u00e4ndningen av h\u00e5llbara f\u00f6rnybara drivmedel kan bidra till att n\u00e5 m\u00e5len om minskade koldioxidutsl\u00e4pp och p\u00e5 sikt fossilfrihet i transportsektorn.<\/p>\n<p>Programmet bygger p\u00e5 stark samverkan mellan forskningsutf\u00f6rare, industri, institut, n\u00e4ringsliv och andra relevanta akt\u00f6rer s\u00e5som regionala och nationella myndigheter. Med sitt tematiska och systeminriktade angreppss\u00e4tt kopplar programmet mot flera av de \u00f6vergripande utmaningar f\u00f6r energisystemet som identifierats p\u00e5 energiomr\u00e5det.<\/p>\n<p><a href=\"http:\/\/www.energimyndigheten.se\/contentassets\/caa0592b976d43a2bf3caa9d3eda481a\/programbeskrivning-samverkansprogrammet-fornybara-drivmedel-och-system-2018-2021-dnr-2017-004279.pdf\">L\u00e4s hela programbeskrivningen h\u00e4r.<\/a><\/p>\n<h2>Ans\u00f6kningar bed\u00f6ms av programr\u00e5det<\/h2>\n<p>Inom ramen f\u00f6r samverkansprogrammets andra programperiod 2018-2021 sker ett antal utlysningar. Efter att en utlysning st\u00e4ngt bereds inkomna ans\u00f6kningar av samverkansprogrammets programkansli och d\u00e4refter bed\u00f6ms ans\u00f6kningarna av samverkansprogrammets programr\u00e5d som l\u00e4mnar rekommendation till beslut i varje fall (bifall eller avslag). Bed\u00f6mningskriterier och ans\u00f6kningsvillkor m.m. beskrivs och tydligg\u00f6rs vid varje utlysning. Detaljer finns att l\u00e4sa i programbeskrivningen.<\/p>\n<p>Programr\u00e5det best\u00e5r 2021 av f\u00f6ljande ledam\u00f6ter:<\/p>\n<ul>\n<li>Svante S\u00f6derholm, Energimyndigheten (ordf\u00f6rande)<\/li>\n<li>Anna Wikstr\u00f6m, Swedish Life Cycle Center<\/li>\n<li>Annika \u00c5hnberg, Tankefl\u00f6da AB och ordf\u00f6rande i f3:s styrelse<\/li>\n<li>Bj\u00f6rn Fredriksson-M\u00f6ller, St1 Biogas<\/li>\n<li>Camilla H\u00e5ll\u00e9n, Folkh\u00e4lsomyndigheten, tidigare Trafikanalys<\/li>\n<li>Elisabeth Ekener, KTH<\/li>\n<li>Eva Lind Grennfelt, Preem<\/li>\n<li>H\u00e5kan Johansson, Trafikverket<\/li>\n<li>Joakim Lundgren, Lule\u00e5 tekniska universitet<\/li>\n<li>Johan Bruce, Skogsindustrierna<\/li>\n<li>Maria Saxe, Stora Enso<\/li>\n<li>Ola Wallberg, Lunds tekniska h\u00f6gskola<\/li>\n<li>Ulf Jonsson, Energimyndigheten<\/li>\n<li>\u00c5sa Kastensson, Vattenfall<\/li>\n<\/ul>\n","protected":false},"excerpt":{"rendered":"<p>Ett samverkansprogram mellan Energimyndigheten och f3 Svenskt kunskapscentrum f\u00f6r f\u00f6rnybara drivmedel<\/p>\n","protected":false},"author":1,"featured_media":1167,"parent":0,"menu_order":0,"comment_status":"closed","ping_status":"closed","template":"page-cooperation.php","meta":{"footnotes":""},"class_list":["post-15","page","type-page","status-publish","has-post-thumbnail","hentry"],"_links":{"self":[{"href":"https:\/\/f3centre.se\/sv\/wp-json\/wp\/v2\/pages\/15","targetHints":{"allow":["GET"]}}],"collection":[{"href":"https:\/\/f3centre.se\/sv\/wp-json\/wp\/v2\/pages"}],"about":[{"href":"https:\/\/f3centre.se\/sv\/wp-json\/wp\/v2\/types\/page"}],"author":[{"embeddable":true,"href":"https:\/\/f3centre.se\/sv\/wp-json\/wp\/v2\/users\/1"}],"replies":[{"embeddable":true,"href":"https:\/\/f3centre.se\/sv\/wp-json\/wp\/v2\/comments?post=15"}],"version-history":[{"count":27,"href":"https:\/\/f3centre.se\/sv\/wp-json\/wp\/v2\/pages\/15\/revisions"}],"predecessor-version":[{"id":6007,"href":"https:\/\/f3centre.se\/sv\/wp-json\/wp\/v2\/pages\/15\/revisions\/6007"}],"wp:featuredmedia":[{"embeddable":true,"href":"https:\/\/f3centre.se\/sv\/wp-json\/wp\/v2\/media\/1167"}],"wp:attachment":[{"href":"https:\/\/f3centre.se\/sv\/wp-json\/wp\/v2\/media?parent=15"}],"curies":[{"name":"wp","href":"https:\/\/api.w.org\/{rel}","templated":true}]}}