{"id":17,"date":"2018-08-09T15:09:49","date_gmt":"2018-08-09T13:09:49","guid":{"rendered":"https:\/\/f3centre.se\/?page_id=17"},"modified":"2023-01-10T17:29:50","modified_gmt":"2023-01-10T16:29:50","slug":"aktuellt","status":"publish","type":"page","link":"https:\/\/f3centre.se\/sv\/aktuellt\/","title":{"rendered":"Aktuellt"},"content":{"rendered":"<p>P\u00e5 f3:s Youtube-kanal kan du se inspelningar fr\u00e5n genomf\u00f6rda webbaserade event. <a href=\"https:\/\/www.youtube.com\/channel\/UC2tS0fFrxnKNmr_5ApQ37TQ\/videos\">Klicka h\u00e4r.<\/a><\/p>\n","protected":false},"excerpt":{"rendered":"<p>P\u00e5 f3:s Youtube-kanal kan du se inspelningar fr\u00e5n genomf\u00f6rda webbaserade event. Klicka h\u00e4r.<\/p>\n","protected":false},"author":1,"featured_media":7057,"parent":0,"menu_order":0,"comment_status":"closed","ping_status":"closed","template":"page-news-events.php","meta":{"footnotes":""},"class_list":["post-17","page","type-page","status-publish","has-post-thumbnail","hentry"],"_links":{"self":[{"href":"https:\/\/f3centre.se\/sv\/wp-json\/wp\/v2\/pages\/17","targetHints":{"allow":["GET"]}}],"collection":[{"href":"https:\/\/f3centre.se\/sv\/wp-json\/wp\/v2\/pages"}],"about":[{"href":"https:\/\/f3centre.se\/sv\/wp-json\/wp\/v2\/types\/page"}],"author":[{"embeddable":true,"href":"https:\/\/f3centre.se\/sv\/wp-json\/wp\/v2\/users\/1"}],"replies":[{"embeddable":true,"href":"https:\/\/f3centre.se\/sv\/wp-json\/wp\/v2\/comments?post=17"}],"version-history":[{"count":8,"href":"https:\/\/f3centre.se\/sv\/wp-json\/wp\/v2\/pages\/17\/revisions"}],"predecessor-version":[{"id":6785,"href":"https:\/\/f3centre.se\/sv\/wp-json\/wp\/v2\/pages\/17\/revisions\/6785"}],"wp:featuredmedia":[{"embeddable":true,"href":"https:\/\/f3centre.se\/sv\/wp-json\/wp\/v2\/media\/7057"}],"wp:attachment":[{"href":"https:\/\/f3centre.se\/sv\/wp-json\/wp\/v2\/media?parent=17"}],"curies":[{"name":"wp","href":"https:\/\/api.w.org\/{rel}","templated":true}]}}