{"id":2,"date":"2018-08-06T18:35:02","date_gmt":"2018-08-06T16:35:02","guid":{"rendered":"https:\/\/f3centre.se\/?page_id=2"},"modified":"2026-01-13T16:35:12","modified_gmt":"2026-01-13T15:35:12","slug":"f3centre","status":"publish","type":"page","link":"https:\/\/f3centre.se\/sv\/","title":{"rendered":"f3 centre"},"content":{"rendered":"<h1>f3 \u00e4r ett innovationskluster f\u00f6r f\u00f6rnybara drivmedel.<\/h1>\n<h2>H\u00e4r samarbetar industri, h\u00f6gskolor, institut och myndigheter f\u00f6r en faktisk och snabb omst\u00e4llning till f\u00f6rnybara drivmedel i transportsektorn.<\/h2>\n<p style=\"text-align: left;\"><a class=\"button\" href=\"\/sv\/om-f3\/\">Mer om f3<\/a>\n<\/p>\n","protected":false},"excerpt":{"rendered":"<p>f3 \u00e4r ett innovationskluster f\u00f6r f\u00f6rnybara drivmedel. H\u00e4r samarbetar industri, h\u00f6gskolor, institut och myndigheter f\u00f6r en faktisk och snabb omst\u00e4llning till f\u00f6rnybara drivmedel i transportsektorn.<\/p>\n","protected":false},"author":1,"featured_media":7045,"parent":0,"menu_order":0,"comment_status":"closed","ping_status":"closed","template":"page-front.php","meta":{"footnotes":""},"class_list":["post-2","page","type-page","status-publish","has-post-thumbnail","hentry"],"_links":{"self":[{"href":"https:\/\/f3centre.se\/sv\/wp-json\/wp\/v2\/pages\/2","targetHints":{"allow":["GET"]}}],"collection":[{"href":"https:\/\/f3centre.se\/sv\/wp-json\/wp\/v2\/pages"}],"about":[{"href":"https:\/\/f3centre.se\/sv\/wp-json\/wp\/v2\/types\/page"}],"author":[{"embeddable":true,"href":"https:\/\/f3centre.se\/sv\/wp-json\/wp\/v2\/users\/1"}],"replies":[{"embeddable":true,"href":"https:\/\/f3centre.se\/sv\/wp-json\/wp\/v2\/comments?post=2"}],"version-history":[{"count":5,"href":"https:\/\/f3centre.se\/sv\/wp-json\/wp\/v2\/pages\/2\/revisions"}],"predecessor-version":[{"id":8987,"href":"https:\/\/f3centre.se\/sv\/wp-json\/wp\/v2\/pages\/2\/revisions\/8987"}],"wp:featuredmedia":[{"embeddable":true,"href":"https:\/\/f3centre.se\/sv\/wp-json\/wp\/v2\/media\/7045"}],"wp:attachment":[{"href":"https:\/\/f3centre.se\/sv\/wp-json\/wp\/v2\/media?parent=2"}],"curies":[{"name":"wp","href":"https:\/\/api.w.org\/{rel}","templated":true}]}}