{"id":21,"date":"2018-08-09T15:10:07","date_gmt":"2018-08-09T13:10:07","guid":{"rendered":"https:\/\/f3centre.se\/?page_id=21"},"modified":"2025-06-26T14:37:46","modified_gmt":"2025-06-26T12:37:46","slug":"forskning","status":"publish","type":"page","link":"https:\/\/f3centre.se\/sv\/forskning\/","title":{"rendered":"Forskning"},"content":{"rendered":"<h2>Forskning som \u00f6kar systemf\u00f6rst\u00e5elsen<\/h2>\n<p>f3 Innovationskluster f\u00f6r f\u00f6rnybara drivmedel har en bakgrund i ett l\u00e5ngt forskningssamarbete kring systemfr\u00e5gor f\u00f6r f\u00f6rnybara drivmedel.<\/p>\n<p>Vi arbetar f\u00f6r att \u00f6ka systemf\u00f6rst\u00e5elsen hos samh\u00e4llsakt\u00f6rer om hur f\u00f6rnybara drivmedel kan minska transportsektorns koldioxidutsl\u00e4pp och bidra till att g\u00f6ra den fossilfri.<\/p>\n<p>Det finns tre \u00f6vergripande utmaningar:<\/p>\n<ol>\n<li><strong>Tillg\u00e5ngen p\u00e5 h\u00e5llbara resurser \u00e4r begr\u00e4nsad.<\/strong> Den beh\u00f6ver d\u00e4rf\u00f6r anv\u00e4ndas resurseffektivt d\u00e4r den g\u00f6r st\u00f6rst klimatnytta.<\/li>\n<li><strong>F\u00f6rnybara drivmedel m\u00e5ste ha h\u00f6g klimateffektivitet.<\/strong> De f\u00f6rnybara drivmedlen m\u00e5ste produceras och anv\u00e4ndas s\u00e5 att koldioxidutsl\u00e4ppen minskar s\u00e5 mycket som m\u00f6jligt. S\u00e5v\u00e4l r\u00e5varubasen som produktionsteknikerna och kunskapen om hur man uppn\u00e5r minsta m\u00f6jliga klimatp\u00e5verkan f\u00f6r alla typer av f\u00f6rnybara drivmedel m\u00e5ste forts\u00e4tta utvecklas.<\/li>\n<li><strong>Det kr\u00e4vs faktisk och snabb omst\u00e4llning till f\u00f6rnybara drivmedel.<\/strong> Enbart \u00f6kade kunskaper r\u00e4cker inte &#8211; vi beh\u00f6ver f\u00f6rverkliga faktisk f\u00f6r\u00e4ndring. Forskning visar att kraftfulla, snabba och samtidigt l\u00e5ngsiktigt h\u00e5llbara insatser \u00e4r vad som kr\u00e4vs fr\u00e5n politiker, myndigheter och n\u00e4ringsliv.<\/li>\n<\/ol>\n","protected":false},"excerpt":{"rendered":"<p>Forskning som \u00f6kar systemf\u00f6rst\u00e5elsen f3 Innovationskluster f\u00f6r f\u00f6rnybara drivmedel har en bakgrund i ett l\u00e5ngt forskningssamarbete kring systemfr\u00e5gor f\u00f6r f\u00f6rnybara drivmedel. Vi arbetar f\u00f6r att \u00f6ka systemf\u00f6rst\u00e5elsen hos samh\u00e4llsakt\u00f6rer om hur f\u00f6rnybara drivmedel kan minska transportsektorns koldioxidutsl\u00e4pp och bidra till att g\u00f6ra den fossilfri. Det finns tre \u00f6vergripande utmaningar: Tillg\u00e5ngen p\u00e5 h\u00e5llbara resurser \u00e4r begr\u00e4nsad. [&hellip;]<\/p>\n","protected":false},"author":1,"featured_media":7053,"parent":0,"menu_order":0,"comment_status":"closed","ping_status":"closed","template":"page-research.php","meta":{"footnotes":""},"class_list":["post-21","page","type-page","status-publish","has-post-thumbnail","hentry"],"_links":{"self":[{"href":"https:\/\/f3centre.se\/sv\/wp-json\/wp\/v2\/pages\/21","targetHints":{"allow":["GET"]}}],"collection":[{"href":"https:\/\/f3centre.se\/sv\/wp-json\/wp\/v2\/pages"}],"about":[{"href":"https:\/\/f3centre.se\/sv\/wp-json\/wp\/v2\/types\/page"}],"author":[{"embeddable":true,"href":"https:\/\/f3centre.se\/sv\/wp-json\/wp\/v2\/users\/1"}],"replies":[{"embeddable":true,"href":"https:\/\/f3centre.se\/sv\/wp-json\/wp\/v2\/comments?post=21"}],"version-history":[{"count":7,"href":"https:\/\/f3centre.se\/sv\/wp-json\/wp\/v2\/pages\/21\/revisions"}],"predecessor-version":[{"id":8711,"href":"https:\/\/f3centre.se\/sv\/wp-json\/wp\/v2\/pages\/21\/revisions\/8711"}],"wp:featuredmedia":[{"embeddable":true,"href":"https:\/\/f3centre.se\/sv\/wp-json\/wp\/v2\/media\/7053"}],"wp:attachment":[{"href":"https:\/\/f3centre.se\/sv\/wp-json\/wp\/v2\/media?parent=21"}],"curies":[{"name":"wp","href":"https:\/\/api.w.org\/{rel}","templated":true}]}}