{"id":3,"date":"2018-08-06T18:35:02","date_gmt":"2018-08-06T16:35:02","guid":{"rendered":"https:\/\/f3centre.se\/?page_id=3"},"modified":"2023-03-09T13:14:57","modified_gmt":"2023-03-09T12:14:57","slug":"integritetspolicy","status":"publish","type":"page","link":"https:\/\/f3centre.se\/sv\/integritetspolicy\/","title":{"rendered":"Integritetspolicy"},"content":{"rendered":"<h2>Vilka vi \u00e4r<\/h2>\n<p>V\u00e5r webbplatsadress \u00e4r https:\/\/f3centre.se.<\/p>\n<h2>Vilka personuppgifter vi samlar in och varf\u00f6r vi samlar in dem<\/h2>\n<h3>Trafik<\/h3>\n<p>Vi samlar in statistik \u00f6ver det totala antalet bes\u00f6k p\u00e5 v\u00e5r webbplats och dess sidor. Bes\u00f6ksstatistik kopplas aldrig ihop med individuella anv\u00e4ndares beteende p\u00e5 webbplatsen. Statistiken anv\u00e4nds f\u00f6r att kunna urskilja trender \u00f6ver tid. Statistiken kan ocks\u00e5 komma att anv\u00e4ndas som underlag f\u00f6r att anpassa och utveckla webbplatsens inneh\u00e5ll.<\/p>\n<h3>Inb\u00e4ddad inneh\u00e5ll fr\u00e5n andra webbplatser<\/h3>\n<p>Webbplatsen \u00e4r en k\u00e4lla till information om v\u00e5r verksamhet men inneh\u00e5ller ocks\u00e5 inb\u00e4ddat inneh\u00e5ll, exempelvis videoklipp, bilder och artiklar. Inb\u00e4ddat inneh\u00e5ll fr\u00e5n andra webbplatser beter sig precis p\u00e5 samma s\u00e4tt som om bes\u00f6karen har bes\u00f6kt den andra webbplatsen.<\/p>\n<h3>Interaktion med webbplatsens inneh\u00e5ll<\/h3>\n<p>Webbplatsen erbjuder bes\u00f6kare m\u00f6jlighet att dela l\u00e4nkar till visst inneh\u00e5ll i bes\u00f6kares egna kanaler (facebook, Twitter och LinkedIn). Webbplatsens administrat\u00f6r r\u00e5der inte \u00f6ver vilka delningar som g\u00f6rs, av vem, var och n\u00e4r. Ingen statistik f\u00f6r delningar samlas in av webbplatsens administrat\u00f6r. Webbplatsen erbjuder ingen annan interaktion med bes\u00f6kare varf\u00f6r personuppgifter som t.ex. adresser m.m. inte beh\u00f6ver uppges av bes\u00f6kare.<\/p>\n<h2>Vilka vi delar dina data med<\/h2>\n<p>Sammanst\u00e4lld statistik \u00f6ver bes\u00f6kstrafik p\u00e5 en \u00f6vergripande niv\u00e5 delas med tv\u00e5 grupper av intressenter: aktiva medlemmar i v\u00e5r verksamhet och finansi\u00e4rer. Statistiken delas i informations- och redovisningssyfte.<\/p>\n<h2>Hur l\u00e4nge vi beh\u00e5ller era uppgifter<\/h2>\n<p>Bes\u00f6ksstatistik sparas s\u00e5 l\u00e4nge webbplatsen \u00e4r publicerad och \u00e4r bara tillg\u00e4nglig f\u00f6r webbplatsens administrat\u00f6r.<\/p>\n<h2>Vilka r\u00e4ttigheter du har \u00f6ver dina data<\/h2>\n<p>Bes\u00f6kare kan inte beg\u00e4ra att uppgifter ur bes\u00f6ksstatistiken tas bort eftersom administrat\u00f6ren inte med s\u00e4kerhet kan para ihop dem med enskilda individer.<\/p>\n<h2>Vart vi skickar dina uppgifter<\/h2>\n<p>Inga uppgifter delas med tredje part.<\/p>\n","protected":false},"excerpt":{"rendered":"<p>Vilka vi \u00e4r V\u00e5r webbplatsadress \u00e4r https:\/\/f3centre.se. Vilka personuppgifter vi samlar in och varf\u00f6r vi samlar in dem Trafik Vi samlar in statistik \u00f6ver det totala antalet bes\u00f6k p\u00e5 v\u00e5r webbplats och dess sidor. Bes\u00f6ksstatistik kopplas aldrig ihop med individuella anv\u00e4ndares beteende p\u00e5 webbplatsen. Statistiken anv\u00e4nds f\u00f6r att kunna urskilja trender \u00f6ver tid. Statistiken kan [&hellip;]<\/p>\n","protected":false},"author":1,"featured_media":0,"parent":0,"menu_order":0,"comment_status":"closed","ping_status":"closed","template":"","meta":{"footnotes":""},"class_list":["post-3","page","type-page","status-publish","hentry"],"_links":{"self":[{"href":"https:\/\/f3centre.se\/sv\/wp-json\/wp\/v2\/pages\/3","targetHints":{"allow":["GET"]}}],"collection":[{"href":"https:\/\/f3centre.se\/sv\/wp-json\/wp\/v2\/pages"}],"about":[{"href":"https:\/\/f3centre.se\/sv\/wp-json\/wp\/v2\/types\/page"}],"author":[{"embeddable":true,"href":"https:\/\/f3centre.se\/sv\/wp-json\/wp\/v2\/users\/1"}],"replies":[{"embeddable":true,"href":"https:\/\/f3centre.se\/sv\/wp-json\/wp\/v2\/comments?post=3"}],"version-history":[{"count":6,"href":"https:\/\/f3centre.se\/sv\/wp-json\/wp\/v2\/pages\/3\/revisions"}],"predecessor-version":[{"id":7412,"href":"https:\/\/f3centre.se\/sv\/wp-json\/wp\/v2\/pages\/3\/revisions\/7412"}],"wp:attachment":[{"href":"https:\/\/f3centre.se\/sv\/wp-json\/wp\/v2\/media?parent=3"}],"curies":[{"name":"wp","href":"https:\/\/api.w.org\/{rel}","templated":true}]}}