{"id":474,"date":"2018-08-09T18:32:31","date_gmt":"2018-08-09T16:32:31","guid":{"rendered":"https:\/\/f3centre.se\/?page_id=474"},"modified":"2024-02-19T11:20:06","modified_gmt":"2024-02-19T10:20:06","slug":"publikationer","status":"publish","type":"page","link":"https:\/\/f3centre.se\/sv\/publikationer\/","title":{"rendered":"Publikationer"},"content":{"rendered":"<p>f3 har en bakgrund i ett l\u00e5ngt forskningssamarbete kring systemfr\u00e5gor f\u00f6r f\u00f6rnybara drivmedel.<\/p>\n<p>I v\u00e5rt bibliotek hittar du rapporter, presentationer, inspelade webbinarier med mera fr\u00e5n alla forskningsprojekt som delfinansierats av f3:s medlemmar och genom samverkansprogrammet F\u00f6rnybara drivmedel och system som finansierades tillsammans med Energimyndigheten mellan 2014\u20132021.<\/p>\n<p><!--StartFragment --><\/p>\n<p class=\"pf0\"><span class=\"cf0\">Du kan ocks\u00e5 l\u00e4sa och ladda ner sammanfattningar, reportage, faktablad och andra publikationer om f\u00f6rnybara drivmedel som vi tagit fram, och ta del av f3:s \u00e5rsrapporter.<\/span><!--EndFragment --><\/p>\n<p>Inspelningar fr\u00e5n v\u00e5ra digitala event kan \u00e4ven ses direkt p\u00e5 <a href=\"https:\/\/www.youtube.com\/@f3svensktkunskapscentumfor464\/videos\">f3:s Youtube-kanal<\/a>.<\/p>\n","protected":false},"excerpt":{"rendered":"<p>f3 har en bakgrund i ett l\u00e5ngt forskningssamarbete kring systemfr\u00e5gor f\u00f6r f\u00f6rnybara drivmedel. I v\u00e5rt bibliotek hittar du rapporter, presentationer, inspelade webbinarier med mera fr\u00e5n alla forskningsprojekt som delfinansierats av f3:s medlemmar och genom samverkansprogrammet F\u00f6rnybara drivmedel och system som finansierades tillsammans med Energimyndigheten mellan 2014\u20132021. Du kan ocks\u00e5 l\u00e4sa och ladda ner sammanfattningar, reportage, [&hellip;]<\/p>\n","protected":false},"author":1,"featured_media":1163,"parent":0,"menu_order":0,"comment_status":"closed","ping_status":"closed","template":"page-publications.php","meta":{"footnotes":""},"class_list":["post-474","page","type-page","status-publish","has-post-thumbnail","hentry"],"_links":{"self":[{"href":"https:\/\/f3centre.se\/sv\/wp-json\/wp\/v2\/pages\/474","targetHints":{"allow":["GET"]}}],"collection":[{"href":"https:\/\/f3centre.se\/sv\/wp-json\/wp\/v2\/pages"}],"about":[{"href":"https:\/\/f3centre.se\/sv\/wp-json\/wp\/v2\/types\/page"}],"author":[{"embeddable":true,"href":"https:\/\/f3centre.se\/sv\/wp-json\/wp\/v2\/users\/1"}],"replies":[{"embeddable":true,"href":"https:\/\/f3centre.se\/sv\/wp-json\/wp\/v2\/comments?post=474"}],"version-history":[{"count":19,"href":"https:\/\/f3centre.se\/sv\/wp-json\/wp\/v2\/pages\/474\/revisions"}],"predecessor-version":[{"id":1164,"href":"https:\/\/f3centre.se\/sv\/wp-json\/wp\/v2\/pages\/474\/revisions\/1164"}],"wp:featuredmedia":[{"embeddable":true,"href":"https:\/\/f3centre.se\/sv\/wp-json\/wp\/v2\/media\/1163"}],"wp:attachment":[{"href":"https:\/\/f3centre.se\/sv\/wp-json\/wp\/v2\/media?parent=474"}],"curies":[{"name":"wp","href":"https:\/\/api.w.org\/{rel}","templated":true}]}}