{"id":6895,"date":"2022-12-05T13:32:08","date_gmt":"2022-12-05T12:32:08","guid":{"rendered":"https:\/\/f3centre.se\/?page_id=6895\/"},"modified":"2026-01-13T16:30:50","modified_gmt":"2026-01-13T15:30:50","slug":"bli-medlem","status":"publish","type":"page","link":"https:\/\/f3centre.se\/sv\/bli-medlem\/","title":{"rendered":"Bli medlem"},"content":{"rendered":"<h2>Vill du bli medlem?<\/h2>\n<p>f3 v\u00e4lkomnar nya medlemmar som delar v\u00e5r m\u00e5ls\u00e4ttning att bidra till en faktisk och snabb omst\u00e4llning till f\u00f6rnybara drivmedel i transportsektorn. V\u00e5ra medlemmar har tillg\u00e5ng till en m\u00f6tesplats d\u00e4r akt\u00f6rer fr\u00e5n olika branscher m\u00f6ts och samverkar med forskare fr\u00e5n akademi och institut. Det \u00e4r medlemmarna som tillsammans p\u00e5verkar f3:s fokus f\u00f6r samverkan och kunskapsspridning och formar n\u00e4tverket.<\/p>\n<p>Alla medlemmar \u00e4r intresserade av p\u00e5g\u00e5ende forskning om f\u00f6rnybara drivmedel och transportsektorns omst\u00e4llning f\u00f6r att n\u00e5 klimat- och andra h\u00e5llbarhetsm\u00e5l och deltar aktivt i olika n\u00e4tverksaktiviteter.<\/p>\n<p><a href=\"https:\/\/f3centre.se\/sv\/kontakt\/\" target=\"_blank\" rel=\"noopener\">V\u00e4lkommen att kontakta oss<\/a> om ni vill veta mer om medlemskapet i f3 och vad det kan betyda f\u00f6r er.<\/p>\n","protected":false},"excerpt":{"rendered":"<p>Vill du bli medlem? f3 v\u00e4lkomnar nya medlemmar som delar v\u00e5r m\u00e5ls\u00e4ttning att bidra till en faktisk och snabb omst\u00e4llning till f\u00f6rnybara drivmedel i transportsektorn. V\u00e5ra medlemmar har tillg\u00e5ng till en m\u00f6tesplats d\u00e4r akt\u00f6rer fr\u00e5n olika branscher m\u00f6ts och samverkar med forskare fr\u00e5n akademi och institut. Det \u00e4r medlemmarna som tillsammans p\u00e5verkar f3:s fokus f\u00f6r [&hellip;]<\/p>\n","protected":false},"author":1,"featured_media":7047,"parent":0,"menu_order":0,"comment_status":"closed","ping_status":"closed","template":"page-members.php","meta":{"footnotes":""},"class_list":["post-6895","page","type-page","status-publish","has-post-thumbnail","hentry"],"_links":{"self":[{"href":"https:\/\/f3centre.se\/sv\/wp-json\/wp\/v2\/pages\/6895","targetHints":{"allow":["GET"]}}],"collection":[{"href":"https:\/\/f3centre.se\/sv\/wp-json\/wp\/v2\/pages"}],"about":[{"href":"https:\/\/f3centre.se\/sv\/wp-json\/wp\/v2\/types\/page"}],"author":[{"embeddable":true,"href":"https:\/\/f3centre.se\/sv\/wp-json\/wp\/v2\/users\/1"}],"replies":[{"embeddable":true,"href":"https:\/\/f3centre.se\/sv\/wp-json\/wp\/v2\/comments?post=6895"}],"version-history":[{"count":6,"href":"https:\/\/f3centre.se\/sv\/wp-json\/wp\/v2\/pages\/6895\/revisions"}],"predecessor-version":[{"id":8984,"href":"https:\/\/f3centre.se\/sv\/wp-json\/wp\/v2\/pages\/6895\/revisions\/8984"}],"wp:featuredmedia":[{"embeddable":true,"href":"https:\/\/f3centre.se\/sv\/wp-json\/wp\/v2\/media\/7047"}],"wp:attachment":[{"href":"https:\/\/f3centre.se\/sv\/wp-json\/wp\/v2\/media?parent=6895"}],"curies":[{"name":"wp","href":"https:\/\/api.w.org\/{rel}","templated":true}]}}